{"id":27,"date":"2020-11-02T12:10:45","date_gmt":"2020-11-02T11:10:45","guid":{"rendered":"http:\/\/otiamo.com\/?page_id=27"},"modified":"2025-05-25T15:08:13","modified_gmt":"2025-05-25T13:08:13","slug":"nos-suggestions","status":"publish","type":"page","link":"https:\/\/otiamo.com\/index.php\/nos-suggestions\/","title":{"rendered":"Nos suggestions"},"content":{"rendered":"\n<p>Nos plats sont \u00e9labor\u00e9s \u00e0 partir de produits frais et selon nos inspirations. C\u2019est pourquoi notre carte \u00e9volue. Voici quelques suggestions\u2026.<\/p>\n\n\n\n<h2><strong>ANTIPASTI<\/strong><\/h2>\n\n\n\n<p><strong>VERDURE<\/strong><\/p>\n\n\n\n<p><em>Aubergine, poivron et courgette grill\u00e9s, ricotta de vache, jeunes pousses, ciboulette<\/em><\/p>\n\n\n\n<p><strong>CARPACCIO DE POULPE <\/strong><\/p>\n\n\n\n<p><em>Fenouil marin\u00e9 au citron et \u00e0 l&#8217;huile d&#8217;olive extra vierge, roquette<\/em><\/p>\n\n\n\n<h2><strong>PASTA&nbsp;&nbsp;&nbsp;&nbsp;<\/strong><\/h2>\n\n\n\n<p class=\"has-text-align-left\"><strong>POMODORO E PARMIGIANO    sans\u00a0 burrata \/ avec burrata<\/strong><\/p>\n\n\n\n<p><em>Spaghetti tomate, basilic, huile d&#8217;olive extra vierge, poivre noir&nbsp;&nbsp;&nbsp;&nbsp;<\/em><\/p>\n\n\n\n<p class=\"has-text-align-left\"><strong>VEGETARIAN LOVER \u00a0\u00a0 sans\u00a0 burrata \/ avec burrata <\/strong><\/p>\n\n\n\n<p><em>Tagliatelles aux l\u00e9gumes de saison, persil, parmesan Reggiano&nbsp;&nbsp;&nbsp;&nbsp;&nbsp;<\/em><\/p>\n\n\n\n<p class=\"has-text-align-left\"><strong>TAGLIATELLES AUX GAMBAS<\/strong><\/p>\n\n\n\n<p><em>Gambas, pointe d&#8217;asperge vertes, tomates cerise, ail, persil, basilic&nbsp;&nbsp;&nbsp;&nbsp;&nbsp;&nbsp;&nbsp;&nbsp;&nbsp;&nbsp;&nbsp;<\/em><\/p>\n\n\n\n<h2><strong>PIZZA<\/strong><\/h2>\n\n\n\n<p><strong>MARGUERITE<\/strong><\/p>\n\n\n\n<p><em>Tomate, mozzarella fior di latte, basilic<\/em><\/p>\n\n\n\n<p><strong>VERDURE<\/strong><\/p>\n\n\n\n<p><em>Tomate, mozzarella fior di latte, aubergine, courgette, champignon de Paris, olive leccino, persil<\/em><\/p>\n\n\n\n<p><strong>PICCANTE<\/strong><\/p>\n\n\n\n<p><em>Cr\u00e8me, ciboulette, mozzarella fior di latte, Scarmoza fum\u00e9e, Spianata piccante, champignon de Paris<\/em><\/p>\n\n\n\n<h2><strong>DOLCI<\/strong><\/h2>\n\n\n\n<p><strong>PANNA COTTA FRAMBOISE<\/strong> <em>pr\u00e9par\u00e9e \u00e0 l&#8217;agar agar<\/em><\/p>\n\n\n\n<p><strong>NOTRE TIRAMISU<\/strong> du moment<\/p>\n","protected":false},"excerpt":{"rendered":"<p>Nos plats sont \u00e9labor\u00e9s \u00e0 partir de produits frais et selon nos inspirations. C\u2019est pourquoi notre carte \u00e9volue. Voici quelques suggestions\u2026. ANTIPASTI VERDURE Aubergine, poivron et courgette grill\u00e9s, ricotta de vache, jeunes pousses, ciboulette CARPACCIO DE POULPE Fenouil marin\u00e9 au citron et \u00e0 l&#8217;huile d&#8217;olive extra vierge, roquette PASTA&nbsp;&nbsp;&nbsp;&nbsp; POMODORO E PARMIGIANO sans\u00a0 burrata \/ &hellip; <\/p>\n<p class=\"link-more\"><a href=\"https:\/\/otiamo.com\/index.php\/nos-suggestions\/\" class=\"more-link\">Continue reading<span class=\"screen-reader-text\"> &#8220;Nos suggestions&#8221;<\/span><\/a><\/p>\n","protected":false},"author":1,"featured_media":65,"parent":0,"menu_order":0,"comment_status":"closed","ping_status":"closed","template":"","meta":[],"_links":{"self":[{"href":"https:\/\/otiamo.com\/index.php\/wp-json\/wp\/v2\/pages\/27"}],"collection":[{"href":"https:\/\/otiamo.com\/index.php\/wp-json\/wp\/v2\/pages"}],"about":[{"href":"https:\/\/otiamo.com\/index.php\/wp-json\/wp\/v2\/types\/page"}],"author":[{"embeddable":true,"href":"https:\/\/otiamo.com\/index.php\/wp-json\/wp\/v2\/users\/1"}],"replies":[{"embeddable":true,"href":"https:\/\/otiamo.com\/index.php\/wp-json\/wp\/v2\/comments?post=27"}],"version-history":[{"count":19,"href":"https:\/\/otiamo.com\/index.php\/wp-json\/wp\/v2\/pages\/27\/revisions"}],"predecessor-version":[{"id":157,"href":"https:\/\/otiamo.com\/index.php\/wp-json\/wp\/v2\/pages\/27\/revisions\/157"}],"wp:featuredmedia":[{"embeddable":true,"href":"https:\/\/otiamo.com\/index.php\/wp-json\/wp\/v2\/media\/65"}],"wp:attachment":[{"href":"https:\/\/otiamo.com\/index.php\/wp-json\/wp\/v2\/media?parent=27"}],"curies":[{"name":"wp","href":"https:\/\/api.w.org\/{rel}","templated":true}]}}