{"id":26,"date":"2020-11-02T12:10:45","date_gmt":"2020-11-02T11:10:45","guid":{"rendered":"http:\/\/otiamo.com\/?page_id=26"},"modified":"2022-02-18T13:51:36","modified_gmt":"2022-02-18T12:51:36","slug":"accueil","status":"publish","type":"page","link":"https:\/\/otiamo.com\/","title":{"rendered":"OTIAMO"},"content":{"rendered":"\n<p>Nous vous proposons une cuisine italienne authentique et g\u00e9n\u00e9reuse faite maison. Nos plats sont pr\u00e9par\u00e9s avec passion dans notre cuisine rue de Bi\u00e8vre \u00e0 partir des meilleurs produits transalpins.<\/p>\n\n\n\n<p><\/p>\n","protected":false},"excerpt":{"rendered":"<p>Nous vous proposons une cuisine italienne authentique et g\u00e9n\u00e9reuse faite maison. Nos plats sont pr\u00e9par\u00e9s avec passion dans notre cuisine rue de Bi\u00e8vre \u00e0 partir des meilleurs produits transalpins.<\/p>\n","protected":false},"author":1,"featured_media":0,"parent":0,"menu_order":0,"comment_status":"closed","ping_status":"closed","template":"","meta":[],"_links":{"self":[{"href":"https:\/\/otiamo.com\/index.php\/wp-json\/wp\/v2\/pages\/26"}],"collection":[{"href":"https:\/\/otiamo.com\/index.php\/wp-json\/wp\/v2\/pages"}],"about":[{"href":"https:\/\/otiamo.com\/index.php\/wp-json\/wp\/v2\/types\/page"}],"author":[{"embeddable":true,"href":"https:\/\/otiamo.com\/index.php\/wp-json\/wp\/v2\/users\/1"}],"replies":[{"embeddable":true,"href":"https:\/\/otiamo.com\/index.php\/wp-json\/wp\/v2\/comments?post=26"}],"version-history":[{"count":7,"href":"https:\/\/otiamo.com\/index.php\/wp-json\/wp\/v2\/pages\/26\/revisions"}],"predecessor-version":[{"id":144,"href":"https:\/\/otiamo.com\/index.php\/wp-json\/wp\/v2\/pages\/26\/revisions\/144"}],"wp:attachment":[{"href":"https:\/\/otiamo.com\/index.php\/wp-json\/wp\/v2\/media?parent=26"}],"curies":[{"name":"wp","href":"https:\/\/api.w.org\/{rel}","templated":true}]}}