{"id":155,"date":"2025-05-25T15:23:57","date_gmt":"2025-05-25T13:23:57","guid":{"rendered":"http:\/\/otiamo.com\/?page_id=155"},"modified":"2025-05-25T15:23:57","modified_gmt":"2025-05-25T13:23:57","slug":"mentions-legales","status":"publish","type":"page","link":"https:\/\/otiamo.com\/index.php\/mentions-legales\/","title":{"rendered":"MENTIONS LEGALES"},"content":{"rendered":"\n<p><strong>Propri\u00e9t\u00e9 et responsabilit\u00e9 \u00e9ditoriale<\/strong><strong><br><\/strong><br><strong>OTIAMO<\/strong><br>SIRET : 848&nbsp;709&nbsp;846&nbsp;000 10<br>RCS : 848 709 846 R.C.S. Paris<br>Capital social : 30&nbsp;000 euros<br>APE : 5610A<br>N\u00b0 TVA intracommunautaire : FR24848709846<\/p>\n\n\n\n<p>Adresse : 32 rue de Bi\u00e8vre 75005 Paris France<\/p>\n\n\n\n<p><strong>H\u00e9bergement :<\/strong><\/p>\n\n\n\n<p>OVH<\/p>\n\n\n\n<p>2 rue kellermann BP 80157 59053 ROUBAIX CEDEX 1 &#8211; France<\/p>\n\n\n\n<p>RCS LILLE METROPOLE 424 761 419 00045<\/p>\n\n\n\n<p><br><strong>Propri\u00e9t\u00e9 Intellectuelle :<\/strong><br>Otiamo est propri\u00e9taire ou titulaire des droits de toutes les informations qui sont pr\u00e9sent\u00e9es sur ce site (donn\u00e9es, logos, photos, visuels, bandes sonores\u2026). Toute reproduction totale ou partielle, du contenu de ce site est interdite sans autorisation \u00e9crite et pr\u00e9alable de la soci\u00e9t\u00e9 Otiamo (Code de la Propri\u00e9t\u00e9 Intellectuelle).<\/p>\n\n\n\n<p><strong>Contenu du site et disponibilit\u00e9 du site :<\/strong><br>Toutes les informations concernant Otiamo ne sont pas pr\u00e9sent\u00e9es sur ce site. Otiamo se r\u00e9serve le droit de corriger, \u00e0 tout moment et sans pr\u00e9avis, le contenu de ce site. En aucun cas la responsabilit\u00e9 de la soci\u00e9t\u00e9 Otiamo ne pourra \u00eatre engag\u00e9e en cas d\u2019erreur, de retard ou d\u2019omission des informations.<br>Otiamo s\u2019efforce, dans la mesure du possible, de maintenir le site accessible de mani\u00e8re permanente, mais n\u2019est pas tenu d\u2019y parvenir (probl\u00e8mes techniques, mises \u00e0 jour, maintenances\u2026).<br>Otiamo n\u2019est pas responsable des dommages li\u00e9s \u00e0 l\u2019acc\u00e8s ou \u00e0 la non-disponibilit\u00e9 du site et ceci quelle qu\u2019en soit l\u2019origine.<\/p>\n\n\n\n<p>Otiamo n\u2019est pas responsable des cons\u00e9quences li\u00e9es \u00e0 un acc\u00e8s frauduleux au site d\u2019Otiamo ou \u00e0 l\u2019utilisation frauduleuse du contenu de ce site.<\/p>\n\n\n\n<p><strong>Liens Hypertextes :<\/strong><br>Des liens hypertextes contenus dans le site de la soci\u00e9t\u00e9 Otiamo peuvent permettre l\u2019acc\u00e8s \u00e0 des sites qui ne sont pas sous le contr\u00f4le d\u2019Otiamo. En cons\u00e9quence Otiamo ne saurait \u00eatre tenu pour responsable du contenu des sites auxquels l\u2019internaute aurait ainsi acc\u00e8s.<br>La cr\u00e9ation de tout lien hypertexte renvoyant \u00e0 l\u2019une des pages de site de la soci\u00e9t\u00e9 Otiamo est interdite sauf autorisation \u00e9crite et pr\u00e9alable d\u2019Otiamo.<\/p>\n\n\n\n<p><strong>Loi Informatique et Libert\u00e9s :<\/strong><br>Toutes les donn\u00e9es collect\u00e9es sur ce site, par quelque moyen que ce soit, sont \u00e0 l&#8217;usage r\u00e9serv\u00e9 de la soci\u00e9t\u00e9 Otiamo.<\/p>\n\n\n\n<p>Conform\u00e9ment \u00e0 la Loi Informatique et Libert\u00e9s, vous disposez d\u2019un droit d\u2019acc\u00e8s, de modification, de rectification et de suppression des donn\u00e9es \u00e0 caract\u00e8re personnel qui vous concernent (article 394 de la Loi Informatique et Libert\u00e9s du 6 janvier 1978 modifi\u00e9e en ao\u00fbt 2004).<\/p>\n","protected":false},"excerpt":{"rendered":"<p>Propri\u00e9t\u00e9 et responsabilit\u00e9 \u00e9ditorialeOTIAMOSIRET : 848&nbsp;709&nbsp;846&nbsp;000 10RCS : 848 709 846 R.C.S. ParisCapital social : 30&nbsp;000 eurosAPE : 5610AN\u00b0 TVA intracommunautaire : FR24848709846 Adresse : 32 rue de Bi\u00e8vre 75005 Paris France H\u00e9bergement : OVH 2 rue kellermann BP 80157 59053 ROUBAIX CEDEX 1 &#8211; France RCS LILLE METROPOLE 424 761 419 00045 Propri\u00e9t\u00e9 Intellectuelle &hellip; <\/p>\n<p class=\"link-more\"><a href=\"https:\/\/otiamo.com\/index.php\/mentions-legales\/\" class=\"more-link\">Continue reading<span class=\"screen-reader-text\"> &#8220;MENTIONS LEGALES&#8221;<\/span><\/a><\/p>\n","protected":false},"author":1,"featured_media":0,"parent":0,"menu_order":0,"comment_status":"closed","ping_status":"closed","template":"","meta":[],"_links":{"self":[{"href":"https:\/\/otiamo.com\/index.php\/wp-json\/wp\/v2\/pages\/155"}],"collection":[{"href":"https:\/\/otiamo.com\/index.php\/wp-json\/wp\/v2\/pages"}],"about":[{"href":"https:\/\/otiamo.com\/index.php\/wp-json\/wp\/v2\/types\/page"}],"author":[{"embeddable":true,"href":"https:\/\/otiamo.com\/index.php\/wp-json\/wp\/v2\/users\/1"}],"replies":[{"embeddable":true,"href":"https:\/\/otiamo.com\/index.php\/wp-json\/wp\/v2\/comments?post=155"}],"version-history":[{"count":1,"href":"https:\/\/otiamo.com\/index.php\/wp-json\/wp\/v2\/pages\/155\/revisions"}],"predecessor-version":[{"id":156,"href":"https:\/\/otiamo.com\/index.php\/wp-json\/wp\/v2\/pages\/155\/revisions\/156"}],"wp:attachment":[{"href":"https:\/\/otiamo.com\/index.php\/wp-json\/wp\/v2\/media?parent=155"}],"curies":[{"name":"wp","href":"https:\/\/api.w.org\/{rel}","templated":true}]}}